{"id":178,"date":"2024-09-19T11:25:51","date_gmt":"2024-09-19T09:25:51","guid":{"rendered":"https:\/\/bmb-renov.fr\/?page_id=178"},"modified":"2025-04-18T10:25:42","modified_gmt":"2025-04-18T08:25:42","slug":"realisations","status":"publish","type":"page","link":"https:\/\/bmb-renov.fr\/index.php\/realisations\/","title":{"rendered":"R\u00e9alisations"},"content":{"rendered":"\n<div class=\"wp-block-group alignfull has-global-padding is-layout-constrained wp-container-core-group-is-layout-2b810489 wp-block-group-is-layout-constrained\" style=\"padding-top:3rem\">\n<div class=\"wp-block-group has-global-padding is-layout-constrained wp-container-core-group-is-layout-d51288b8 wp-block-group-is-layout-constrained\">\n<h3 class=\"wp-block-heading has-text-align-center has-text-color\" style=\"color:#1f1f1f;margin-bottom:0rem;font-size:clamp(2.375rem, 2.375rem + ((1vw - 0.2rem) * 3.682), 4.4rem);font-style:normal;font-weight:600;line-height:1.2\"><a href=\"https:\/\/bmb-renov.fr\/\">R\u00e9alisations<\/a><\/h3>\n<\/div>\n<\/div>\n\n\n\n<section class=\"wp-block-group alignfull has-text-color has-global-padding is-layout-constrained wp-container-core-group-is-layout-1898be1b wp-block-group-is-layout-constrained\" style=\"border-style:none;border-width:0px;color:#3e3e3e;margin-top:0px;padding-top:4rem;padding-right:1rem;padding-bottom:4rem;padding-left:1rem;font-size:clamp(0.875rem, 0.875rem + ((1vw - 0.2rem) * 0.464), 1.13rem);font-style:normal;font-weight:400;line-height:1.4\">\n<div class=\"wp-block-columns is-layout-flex wp-container-core-columns-is-layout-d1fa6184 wp-block-columns-is-layout-flex\" style=\"padding-top:2rem;padding-right:0px;padding-bottom:0;padding-left:0px\">\n<div class=\"wp-block-column is-layout-flow wp-block-column-is-layout-flow\" style=\"padding-top:1rem;padding-bottom:1rem\">\n<div class=\"wp-block-group has-global-padding is-layout-constrained wp-container-core-group-is-layout-287b5a18 wp-block-group-is-layout-constrained\">\n<figure class=\"wp-block-image aligncenter size-full\"><img loading=\"lazy\" decoding=\"async\" width=\"693\" height=\"923\" src=\"https:\/\/bmb-renov.fr\/wp-content\/uploads\/2024\/09\/20240820_103058.jpg\" alt=\"\" class=\"wp-image-316\" srcset=\"https:\/\/bmb-renov.fr\/wp-content\/uploads\/2024\/09\/20240820_103058.jpg 693w, https:\/\/bmb-renov.fr\/wp-content\/uploads\/2024\/09\/20240820_103058-225x300.jpg 225w\" sizes=\"auto, (max-width: 693px) 100vw, 693px\" \/><\/figure>\n\n\n\n<h4 class=\"wp-block-heading has-text-align-center has-text-color has-link-color wp-elements-a247eb1495919300009ae37407af5c9e\" style=\"color:#3e3e3e;font-size:clamp(0.984rem, 0.984rem + ((1vw - 0.2rem) * 0.938), 1.5rem);font-style:normal;font-weight:400;text-decoration:none;text-transform:uppercase\"><\/h4>\n<\/div>\n<\/div>\n\n\n\n<div class=\"wp-block-column is-layout-flow wp-block-column-is-layout-flow\" style=\"padding-top:1rem;padding-bottom:1rem\">\n<div class=\"wp-block-group has-global-padding is-layout-constrained wp-container-core-group-is-layout-287b5a18 wp-block-group-is-layout-constrained\">\n<figure class=\"wp-block-image aligncenter size-full\"><img loading=\"lazy\" decoding=\"async\" width=\"693\" height=\"923\" src=\"https:\/\/bmb-renov.fr\/wp-content\/uploads\/2024\/09\/20240917_145002-1.jpg\" alt=\"\" class=\"wp-image-317\" srcset=\"https:\/\/bmb-renov.fr\/wp-content\/uploads\/2024\/09\/20240917_145002-1.jpg 693w, https:\/\/bmb-renov.fr\/wp-content\/uploads\/2024\/09\/20240917_145002-1-225x300.jpg 225w\" sizes=\"auto, (max-width: 693px) 100vw, 693px\" \/><\/figure>\n\n\n\n<h4 class=\"wp-block-heading has-text-align-center has-text-color has-link-color wp-elements-a247eb1495919300009ae37407af5c9e\" style=\"color:#3e3e3e;font-size:clamp(0.984rem, 0.984rem + ((1vw - 0.2rem) * 0.938), 1.5rem);font-style:normal;font-weight:400;text-decoration:none;text-transform:uppercase\"><\/h4>\n<\/div>\n<\/div>\n\n\n\n<div class=\"wp-block-column is-layout-flow wp-block-column-is-layout-flow\" style=\"padding-top:1rem;padding-bottom:1rem\">\n<div class=\"wp-block-group has-global-padding is-layout-constrained wp-container-core-group-is-layout-287b5a18 wp-block-group-is-layout-constrained\">\n<figure class=\"wp-block-image aligncenter size-full\"><img loading=\"lazy\" decoding=\"async\" width=\"1920\" height=\"2560\" src=\"https:\/\/bmb-renov.fr\/wp-content\/uploads\/2024\/09\/DSC_1022-scaled.jpg\" alt=\"\" class=\"wp-image-318\" srcset=\"https:\/\/bmb-renov.fr\/wp-content\/uploads\/2024\/09\/DSC_1022-scaled.jpg 1920w, https:\/\/bmb-renov.fr\/wp-content\/uploads\/2024\/09\/DSC_1022-225x300.jpg 225w, https:\/\/bmb-renov.fr\/wp-content\/uploads\/2024\/09\/DSC_1022-768x1024.jpg 768w, https:\/\/bmb-renov.fr\/wp-content\/uploads\/2024\/09\/DSC_1022-1152x1536.jpg 1152w, https:\/\/bmb-renov.fr\/wp-content\/uploads\/2024\/09\/DSC_1022-1536x2048.jpg 1536w\" sizes=\"auto, (max-width: 1920px) 100vw, 1920px\" \/><\/figure>\n\n\n\n<h4 class=\"wp-block-heading has-text-align-center has-text-color has-link-color wp-elements-a247eb1495919300009ae37407af5c9e\" style=\"color:#3e3e3e;font-size:clamp(0.984rem, 0.984rem + ((1vw - 0.2rem) * 0.938), 1.5rem);font-style:normal;font-weight:400;text-decoration:none;text-transform:uppercase\"><\/h4>\n<\/div>\n<\/div>\n<\/div>\n\n\n\n<div class=\"wp-block-columns is-layout-flex wp-container-core-columns-is-layout-d1fa6184 wp-block-columns-is-layout-flex\" style=\"padding-top:2rem;padding-right:0px;padding-bottom:0;padding-left:0px\">\n<div class=\"wp-block-column is-layout-flow wp-container-core-column-is-layout-30b502cb wp-block-column-is-layout-flow\" style=\"padding-top:1rem;padding-bottom:1rem\">\n<div class=\"wp-block-group has-global-padding is-layout-constrained wp-container-core-group-is-layout-287b5a18 wp-block-group-is-layout-constrained\">\n<figure class=\"wp-block-image aligncenter size-full\"><img loading=\"lazy\" decoding=\"async\" width=\"700\" height=\"934\" src=\"https:\/\/bmb-renov.fr\/wp-content\/uploads\/2024\/09\/DSC_0797-2.jpg\" alt=\"\" class=\"wp-image-319\" srcset=\"https:\/\/bmb-renov.fr\/wp-content\/uploads\/2024\/09\/DSC_0797-2.jpg 700w, https:\/\/bmb-renov.fr\/wp-content\/uploads\/2024\/09\/DSC_0797-2-225x300.jpg 225w\" sizes=\"auto, (max-width: 700px) 100vw, 700px\" \/><\/figure>\n\n\n\n<h4 class=\"wp-block-heading has-text-align-center has-text-color has-link-color wp-elements-a247eb1495919300009ae37407af5c9e\" style=\"color:#3e3e3e;font-size:clamp(0.984rem, 0.984rem + ((1vw - 0.2rem) * 0.938), 1.5rem);font-style:normal;font-weight:400;text-decoration:none;text-transform:uppercase\"><\/h4>\n<\/div>\n<\/div>\n\n\n\n<div class=\"wp-block-column is-layout-flow wp-block-column-is-layout-flow\" style=\"padding-top:1rem;padding-bottom:1rem\">\n<div class=\"wp-block-group has-global-padding is-layout-constrained wp-container-core-group-is-layout-287b5a18 wp-block-group-is-layout-constrained\">\n<figure class=\"wp-block-image aligncenter size-full\"><img loading=\"lazy\" decoding=\"async\" width=\"1200\" height=\"1600\" src=\"https:\/\/bmb-renov.fr\/wp-content\/uploads\/2024\/09\/IMG_20240915_101509-4.jpg\" alt=\"\" class=\"wp-image-326\" style=\"aspect-ratio:3\/4;object-fit:cover\" srcset=\"https:\/\/bmb-renov.fr\/wp-content\/uploads\/2024\/09\/IMG_20240915_101509-4.jpg 1200w, https:\/\/bmb-renov.fr\/wp-content\/uploads\/2024\/09\/IMG_20240915_101509-4-225x300.jpg 225w, https:\/\/bmb-renov.fr\/wp-content\/uploads\/2024\/09\/IMG_20240915_101509-4-768x1024.jpg 768w, https:\/\/bmb-renov.fr\/wp-content\/uploads\/2024\/09\/IMG_20240915_101509-4-1152x1536.jpg 1152w\" sizes=\"auto, (max-width: 1200px) 100vw, 1200px\" \/><\/figure>\n\n\n\n<h4 class=\"wp-block-heading has-text-align-center has-text-color has-link-color wp-elements-a247eb1495919300009ae37407af5c9e\" style=\"color:#3e3e3e;font-size:clamp(0.984rem, 0.984rem + ((1vw - 0.2rem) * 0.938), 1.5rem);font-style:normal;font-weight:400;text-decoration:none;text-transform:uppercase\"><\/h4>\n<\/div>\n<\/div>\n\n\n\n<div class=\"wp-block-column is-layout-flow wp-block-column-is-layout-flow\" style=\"padding-top:1rem;padding-bottom:1rem\">\n<div class=\"wp-block-group has-global-padding is-layout-constrained wp-container-core-group-is-layout-287b5a18 wp-block-group-is-layout-constrained\">\n<figure class=\"wp-block-image aligncenter size-full\"><img loading=\"lazy\" decoding=\"async\" width=\"1200\" height=\"1600\" src=\"https:\/\/bmb-renov.fr\/wp-content\/uploads\/2024\/09\/IMG_20240915_101509-5.jpg\" alt=\"\" class=\"wp-image-321\" srcset=\"https:\/\/bmb-renov.fr\/wp-content\/uploads\/2024\/09\/IMG_20240915_101509-5.jpg 1200w, https:\/\/bmb-renov.fr\/wp-content\/uploads\/2024\/09\/IMG_20240915_101509-5-225x300.jpg 225w, https:\/\/bmb-renov.fr\/wp-content\/uploads\/2024\/09\/IMG_20240915_101509-5-768x1024.jpg 768w, https:\/\/bmb-renov.fr\/wp-content\/uploads\/2024\/09\/IMG_20240915_101509-5-1152x1536.jpg 1152w\" sizes=\"auto, (max-width: 1200px) 100vw, 1200px\" \/><\/figure>\n\n\n\n<h4 class=\"wp-block-heading has-text-align-center has-text-color has-link-color wp-elements-a247eb1495919300009ae37407af5c9e\" style=\"color:#3e3e3e;font-size:clamp(0.984rem, 0.984rem + ((1vw - 0.2rem) * 0.938), 1.5rem);font-style:normal;font-weight:400;text-decoration:none;text-transform:uppercase\"><\/h4>\n<\/div>\n<\/div>\n<\/div>\n\n\n\n<div class=\"wp-block-columns is-layout-flex wp-container-core-columns-is-layout-d1fa6184 wp-block-columns-is-layout-flex\" style=\"padding-top:2rem;padding-right:0px;padding-bottom:0;padding-left:0px\">\n<div class=\"wp-block-column is-layout-flow wp-container-core-column-is-layout-23ee927a wp-block-column-is-layout-flow\" style=\"padding-top:1rem;padding-bottom:1rem\">\n<div class=\"wp-block-group has-global-padding is-layout-constrained wp-container-core-group-is-layout-d1da16b7 wp-block-group-is-layout-constrained\" style=\"margin-top:0;margin-bottom:0\">\n<figure class=\"wp-block-image aligncenter size-full\"><img loading=\"lazy\" decoding=\"async\" width=\"693\" height=\"923\" src=\"https:\/\/bmb-renov.fr\/wp-content\/uploads\/2024\/09\/20240813_111520-1.jpg\" alt=\"\" class=\"wp-image-322\" srcset=\"https:\/\/bmb-renov.fr\/wp-content\/uploads\/2024\/09\/20240813_111520-1.jpg 693w, https:\/\/bmb-renov.fr\/wp-content\/uploads\/2024\/09\/20240813_111520-1-225x300.jpg 225w\" sizes=\"auto, (max-width: 693px) 100vw, 693px\" \/><\/figure>\n\n\n\n<h4 class=\"wp-block-heading has-text-align-center has-text-color has-link-color wp-elements-a247eb1495919300009ae37407af5c9e\" style=\"color:#3e3e3e;font-size:clamp(0.984rem, 0.984rem + ((1vw - 0.2rem) * 0.938), 1.5rem);font-style:normal;font-weight:400;text-decoration:none;text-transform:uppercase\"><\/h4>\n<\/div>\n<\/div>\n\n\n\n<div class=\"wp-block-column is-layout-flow wp-block-column-is-layout-flow\" style=\"padding-top:1rem;padding-bottom:1rem\">\n<div class=\"wp-block-group has-global-padding is-layout-constrained wp-container-core-group-is-layout-287b5a18 wp-block-group-is-layout-constrained\">\n<figure class=\"wp-block-image aligncenter size-full\"><img loading=\"lazy\" decoding=\"async\" width=\"1230\" height=\"923\" src=\"https:\/\/bmb-renov.fr\/wp-content\/uploads\/2024\/09\/20240726_170849-1.jpg\" alt=\"\" class=\"wp-image-323\" style=\"aspect-ratio:3\/4;object-fit:cover\" srcset=\"https:\/\/bmb-renov.fr\/wp-content\/uploads\/2024\/09\/20240726_170849-1.jpg 1230w, https:\/\/bmb-renov.fr\/wp-content\/uploads\/2024\/09\/20240726_170849-1-300x225.jpg 300w, https:\/\/bmb-renov.fr\/wp-content\/uploads\/2024\/09\/20240726_170849-1-1024x768.jpg 1024w, https:\/\/bmb-renov.fr\/wp-content\/uploads\/2024\/09\/20240726_170849-1-768x576.jpg 768w\" sizes=\"auto, (max-width: 1230px) 100vw, 1230px\" \/><\/figure>\n\n\n\n<h4 class=\"wp-block-heading has-text-align-center has-text-color has-link-color wp-elements-a247eb1495919300009ae37407af5c9e\" style=\"color:#3e3e3e;font-size:clamp(0.984rem, 0.984rem + ((1vw - 0.2rem) * 0.938), 1.5rem);font-style:normal;font-weight:400;text-decoration:none;text-transform:uppercase\"><\/h4>\n<\/div>\n<\/div>\n\n\n\n<div class=\"wp-block-column is-layout-flow wp-block-column-is-layout-flow\" style=\"padding-top:1rem;padding-bottom:1rem\">\n<div class=\"wp-block-group has-global-padding is-layout-constrained wp-container-core-group-is-layout-287b5a18 wp-block-group-is-layout-constrained\">\n<figure class=\"wp-block-image aligncenter size-full\"><img loading=\"lazy\" decoding=\"async\" width=\"693\" height=\"923\" src=\"https:\/\/bmb-renov.fr\/wp-content\/uploads\/2024\/09\/20240813_111537.jpg\" alt=\"\" class=\"wp-image-325\" srcset=\"https:\/\/bmb-renov.fr\/wp-content\/uploads\/2024\/09\/20240813_111537.jpg 693w, https:\/\/bmb-renov.fr\/wp-content\/uploads\/2024\/09\/20240813_111537-225x300.jpg 225w\" sizes=\"auto, (max-width: 693px) 100vw, 693px\" \/><\/figure>\n\n\n\n<h4 class=\"wp-block-heading has-text-align-center has-text-color has-link-color wp-elements-a247eb1495919300009ae37407af5c9e\" style=\"color:#3e3e3e;font-size:clamp(0.984rem, 0.984rem + ((1vw - 0.2rem) * 0.938), 1.5rem);font-style:normal;font-weight:400;text-decoration:none;text-transform:uppercase\"><\/h4>\n<\/div>\n<\/div>\n<\/div>\n<\/section>\n\n\n\n<div class=\"wp-block-cover alignfull\" style=\"min-height:440px;aspect-ratio:unset;\"><span aria-hidden=\"true\" class=\"wp-block-cover__background has-contrast-background-color has-background-dim\"><\/span><img loading=\"lazy\" decoding=\"async\" width=\"1200\" height=\"1600\" class=\"wp-block-cover__image-background wp-image-327\" alt=\"\" src=\"https:\/\/bmb-renov.fr\/wp-content\/uploads\/2024\/09\/IMG_20240915_101509-15-1.jpg\" data-object-fit=\"cover\" srcset=\"https:\/\/bmb-renov.fr\/wp-content\/uploads\/2024\/09\/IMG_20240915_101509-15-1.jpg 1200w, https:\/\/bmb-renov.fr\/wp-content\/uploads\/2024\/09\/IMG_20240915_101509-15-1-225x300.jpg 225w, https:\/\/bmb-renov.fr\/wp-content\/uploads\/2024\/09\/IMG_20240915_101509-15-1-768x1024.jpg 768w, https:\/\/bmb-renov.fr\/wp-content\/uploads\/2024\/09\/IMG_20240915_101509-15-1-1152x1536.jpg 1152w\" sizes=\"auto, (max-width: 1200px) 100vw, 1200px\" \/><div class=\"wp-block-cover__inner-container has-global-padding is-layout-constrained wp-block-cover-is-layout-constrained\">\n<div class=\"wp-block-buttons is-content-justification-center is-layout-flex wp-container-core-buttons-is-layout-99800914 wp-block-buttons-is-layout-flex\" style=\"margin-top:0rem;margin-bottom:0\">\n<div class=\"wp-block-button has-custom-font-size is-style-outline is-style-outline--1\" style=\"font-size:clamp(0.875em, 0.875rem + ((1vw - 0.2em) * 0.245), 1.01em);text-transform:capitalize\"><a class=\"wp-block-button__link has-text-color has-background has-border-color wp-element-button\" href=\"https:\/\/bmb-renov.fr\/index.php\/contact\/\" style=\"border-color:#0e0e0e;border-width:1px;border-radius:30px;color:#000000;background-color:#ffffff;padding-top:0.8em;padding-right:3.2rem;padding-bottom:0.8em;padding-left:3.2rem\">CONTACT<\/a><\/div>\n<\/div>\n<\/div><\/div>\n","protected":false},"excerpt":{"rendered":"<p>R\u00e9alisations<\/p>\n","protected":false},"author":1,"featured_media":0,"parent":0,"menu_order":0,"comment_status":"closed","ping_status":"closed","template":"","meta":{"footnotes":""},"class_list":["post-178","page","type-page","status-publish","hentry"],"yoast_head":"<!-- This site is optimized with the Yoast SEO plugin v27.3 - https:\/\/yoast.com\/product\/yoast-seo-wordpress\/ -->\n<title>R\u00e9alisations - B.M.B R\u00e9nov<\/title>\n<meta name=\"robots\" content=\"index, follow, max-snippet:-1, max-image-preview:large, max-video-preview:-1\" \/>\n<link rel=\"canonical\" href=\"https:\/\/bmb-renov.fr\/index.php\/realisations\/\" \/>\n<meta property=\"og:locale\" content=\"fr_FR\" \/>\n<meta property=\"og:type\" content=\"article\" \/>\n<meta property=\"og:title\" content=\"R\u00e9alisations - B.M.B R\u00e9nov\" \/>\n<meta property=\"og:description\" content=\"R\u00e9alisations\" \/>\n<meta property=\"og:url\" content=\"https:\/\/bmb-renov.fr\/index.php\/realisations\/\" \/>\n<meta property=\"og:site_name\" content=\"B.M.B R\u00e9nov\" \/>\n<meta property=\"article:modified_time\" content=\"2025-04-18T08:25:42+00:00\" \/>\n<meta property=\"og:image\" content=\"https:\/\/bmb-renov.fr\/wp-content\/uploads\/2024\/09\/20240820_103058.jpg\" \/>\n\t<meta property=\"og:image:width\" content=\"693\" \/>\n\t<meta property=\"og:image:height\" content=\"923\" \/>\n\t<meta property=\"og:image:type\" content=\"image\/jpeg\" \/>\n<meta name=\"twitter:card\" content=\"summary_large_image\" \/>\n<meta name=\"twitter:label1\" content=\"Dur\u00e9e de lecture estim\u00e9e\" \/>\n\t<meta name=\"twitter:data1\" content=\"3 minutes\" \/>\n<script type=\"application\/ld+json\" class=\"yoast-schema-graph\">{\"@context\":\"https:\\\/\\\/schema.org\",\"@graph\":[{\"@type\":\"WebPage\",\"@id\":\"https:\\\/\\\/bmb-renov.fr\\\/index.php\\\/realisations\\\/\",\"url\":\"https:\\\/\\\/bmb-renov.fr\\\/index.php\\\/realisations\\\/\",\"name\":\"R\u00e9alisations - B.M.B R\u00e9nov\",\"isPartOf\":{\"@id\":\"https:\\\/\\\/bmb-renov.fr\\\/#website\"},\"primaryImageOfPage\":{\"@id\":\"https:\\\/\\\/bmb-renov.fr\\\/index.php\\\/realisations\\\/#primaryimage\"},\"image\":{\"@id\":\"https:\\\/\\\/bmb-renov.fr\\\/index.php\\\/realisations\\\/#primaryimage\"},\"thumbnailUrl\":\"https:\\\/\\\/bmb-renov.fr\\\/wp-content\\\/uploads\\\/2024\\\/09\\\/20240820_103058.jpg\",\"datePublished\":\"2024-09-19T09:25:51+00:00\",\"dateModified\":\"2025-04-18T08:25:42+00:00\",\"breadcrumb\":{\"@id\":\"https:\\\/\\\/bmb-renov.fr\\\/index.php\\\/realisations\\\/#breadcrumb\"},\"inLanguage\":\"fr-FR\",\"potentialAction\":[{\"@type\":\"ReadAction\",\"target\":[\"https:\\\/\\\/bmb-renov.fr\\\/index.php\\\/realisations\\\/\"]}]},{\"@type\":\"ImageObject\",\"inLanguage\":\"fr-FR\",\"@id\":\"https:\\\/\\\/bmb-renov.fr\\\/index.php\\\/realisations\\\/#primaryimage\",\"url\":\"https:\\\/\\\/bmb-renov.fr\\\/wp-content\\\/uploads\\\/2024\\\/09\\\/20240820_103058.jpg\",\"contentUrl\":\"https:\\\/\\\/bmb-renov.fr\\\/wp-content\\\/uploads\\\/2024\\\/09\\\/20240820_103058.jpg\",\"width\":693,\"height\":923},{\"@type\":\"BreadcrumbList\",\"@id\":\"https:\\\/\\\/bmb-renov.fr\\\/index.php\\\/realisations\\\/#breadcrumb\",\"itemListElement\":[{\"@type\":\"ListItem\",\"position\":1,\"name\":\"Accueil\",\"item\":\"https:\\\/\\\/bmb-renov.fr\\\/\"},{\"@type\":\"ListItem\",\"position\":2,\"name\":\"R\u00e9alisations\"}]},{\"@type\":\"WebSite\",\"@id\":\"https:\\\/\\\/bmb-renov.fr\\\/#website\",\"url\":\"https:\\\/\\\/bmb-renov.fr\\\/\",\"name\":\"B.M.B R\u00e9nov\",\"description\":\"\",\"publisher\":{\"@id\":\"https:\\\/\\\/bmb-renov.fr\\\/#organization\"},\"potentialAction\":[{\"@type\":\"SearchAction\",\"target\":{\"@type\":\"EntryPoint\",\"urlTemplate\":\"https:\\\/\\\/bmb-renov.fr\\\/?s={search_term_string}\"},\"query-input\":{\"@type\":\"PropertyValueSpecification\",\"valueRequired\":true,\"valueName\":\"search_term_string\"}}],\"inLanguage\":\"fr-FR\"},{\"@type\":\"Organization\",\"@id\":\"https:\\\/\\\/bmb-renov.fr\\\/#organization\",\"name\":\"B.M.B R\u00e9nov\",\"url\":\"https:\\\/\\\/bmb-renov.fr\\\/\",\"logo\":{\"@type\":\"ImageObject\",\"inLanguage\":\"fr-FR\",\"@id\":\"https:\\\/\\\/bmb-renov.fr\\\/#\\\/schema\\\/logo\\\/image\\\/\",\"url\":\"https:\\\/\\\/bmb-renov.fr\\\/wp-content\\\/uploads\\\/2024\\\/09\\\/cropped-LOGO-1.png\",\"contentUrl\":\"https:\\\/\\\/bmb-renov.fr\\\/wp-content\\\/uploads\\\/2024\\\/09\\\/cropped-LOGO-1.png\",\"width\":2000,\"height\":1350,\"caption\":\"B.M.B R\u00e9nov\"},\"image\":{\"@id\":\"https:\\\/\\\/bmb-renov.fr\\\/#\\\/schema\\\/logo\\\/image\\\/\"}}]}<\/script>\n<!-- \/ Yoast SEO plugin. -->","yoast_head_json":{"title":"R\u00e9alisations - B.M.B R\u00e9nov","robots":{"index":"index","follow":"follow","max-snippet":"max-snippet:-1","max-image-preview":"max-image-preview:large","max-video-preview":"max-video-preview:-1"},"canonical":"https:\/\/bmb-renov.fr\/index.php\/realisations\/","og_locale":"fr_FR","og_type":"article","og_title":"R\u00e9alisations - B.M.B R\u00e9nov","og_description":"R\u00e9alisations","og_url":"https:\/\/bmb-renov.fr\/index.php\/realisations\/","og_site_name":"B.M.B R\u00e9nov","article_modified_time":"2025-04-18T08:25:42+00:00","og_image":[{"width":693,"height":923,"url":"https:\/\/bmb-renov.fr\/wp-content\/uploads\/2024\/09\/20240820_103058.jpg","type":"image\/jpeg"}],"twitter_card":"summary_large_image","twitter_misc":{"Dur\u00e9e de lecture estim\u00e9e":"3 minutes"},"schema":{"@context":"https:\/\/schema.org","@graph":[{"@type":"WebPage","@id":"https:\/\/bmb-renov.fr\/index.php\/realisations\/","url":"https:\/\/bmb-renov.fr\/index.php\/realisations\/","name":"R\u00e9alisations - B.M.B R\u00e9nov","isPartOf":{"@id":"https:\/\/bmb-renov.fr\/#website"},"primaryImageOfPage":{"@id":"https:\/\/bmb-renov.fr\/index.php\/realisations\/#primaryimage"},"image":{"@id":"https:\/\/bmb-renov.fr\/index.php\/realisations\/#primaryimage"},"thumbnailUrl":"https:\/\/bmb-renov.fr\/wp-content\/uploads\/2024\/09\/20240820_103058.jpg","datePublished":"2024-09-19T09:25:51+00:00","dateModified":"2025-04-18T08:25:42+00:00","breadcrumb":{"@id":"https:\/\/bmb-renov.fr\/index.php\/realisations\/#breadcrumb"},"inLanguage":"fr-FR","potentialAction":[{"@type":"ReadAction","target":["https:\/\/bmb-renov.fr\/index.php\/realisations\/"]}]},{"@type":"ImageObject","inLanguage":"fr-FR","@id":"https:\/\/bmb-renov.fr\/index.php\/realisations\/#primaryimage","url":"https:\/\/bmb-renov.fr\/wp-content\/uploads\/2024\/09\/20240820_103058.jpg","contentUrl":"https:\/\/bmb-renov.fr\/wp-content\/uploads\/2024\/09\/20240820_103058.jpg","width":693,"height":923},{"@type":"BreadcrumbList","@id":"https:\/\/bmb-renov.fr\/index.php\/realisations\/#breadcrumb","itemListElement":[{"@type":"ListItem","position":1,"name":"Accueil","item":"https:\/\/bmb-renov.fr\/"},{"@type":"ListItem","position":2,"name":"R\u00e9alisations"}]},{"@type":"WebSite","@id":"https:\/\/bmb-renov.fr\/#website","url":"https:\/\/bmb-renov.fr\/","name":"B.M.B R\u00e9nov","description":"","publisher":{"@id":"https:\/\/bmb-renov.fr\/#organization"},"potentialAction":[{"@type":"SearchAction","target":{"@type":"EntryPoint","urlTemplate":"https:\/\/bmb-renov.fr\/?s={search_term_string}"},"query-input":{"@type":"PropertyValueSpecification","valueRequired":true,"valueName":"search_term_string"}}],"inLanguage":"fr-FR"},{"@type":"Organization","@id":"https:\/\/bmb-renov.fr\/#organization","name":"B.M.B R\u00e9nov","url":"https:\/\/bmb-renov.fr\/","logo":{"@type":"ImageObject","inLanguage":"fr-FR","@id":"https:\/\/bmb-renov.fr\/#\/schema\/logo\/image\/","url":"https:\/\/bmb-renov.fr\/wp-content\/uploads\/2024\/09\/cropped-LOGO-1.png","contentUrl":"https:\/\/bmb-renov.fr\/wp-content\/uploads\/2024\/09\/cropped-LOGO-1.png","width":2000,"height":1350,"caption":"B.M.B R\u00e9nov"},"image":{"@id":"https:\/\/bmb-renov.fr\/#\/schema\/logo\/image\/"}}]}},"_links":{"self":[{"href":"https:\/\/bmb-renov.fr\/index.php\/wp-json\/wp\/v2\/pages\/178","targetHints":{"allow":["GET"]}}],"collection":[{"href":"https:\/\/bmb-renov.fr\/index.php\/wp-json\/wp\/v2\/pages"}],"about":[{"href":"https:\/\/bmb-renov.fr\/index.php\/wp-json\/wp\/v2\/types\/page"}],"author":[{"embeddable":true,"href":"https:\/\/bmb-renov.fr\/index.php\/wp-json\/wp\/v2\/users\/1"}],"replies":[{"embeddable":true,"href":"https:\/\/bmb-renov.fr\/index.php\/wp-json\/wp\/v2\/comments?post=178"}],"version-history":[{"count":7,"href":"https:\/\/bmb-renov.fr\/index.php\/wp-json\/wp\/v2\/pages\/178\/revisions"}],"predecessor-version":[{"id":347,"href":"https:\/\/bmb-renov.fr\/index.php\/wp-json\/wp\/v2\/pages\/178\/revisions\/347"}],"wp:attachment":[{"href":"https:\/\/bmb-renov.fr\/index.php\/wp-json\/wp\/v2\/media?parent=178"}],"curies":[{"name":"wp","href":"https:\/\/api.w.org\/{rel}","templated":true}]}}