{"id":175,"date":"2024-09-19T11:10:34","date_gmt":"2024-09-19T09:10:34","guid":{"rendered":"https:\/\/bmb-renov.fr\/?page_id=175"},"modified":"2024-11-21T11:20:24","modified_gmt":"2024-11-21T10:20:24","slug":"contact","status":"publish","type":"page","link":"https:\/\/bmb-renov.fr\/index.php\/contact\/","title":{"rendered":"Contact"},"content":{"rendered":"\n<div class=\"wp-block-columns is-layout-flex wp-container-core-columns-is-layout-28f84493 wp-block-columns-is-layout-flex\">\n<div class=\"wp-block-column is-layout-flow wp-block-column-is-layout-flow\" style=\"flex-basis:100%\">\n<figure class=\"wp-block-gallery has-nested-images columns-default is-cropped wp-block-gallery-1 is-layout-flex wp-block-gallery-is-layout-flex\">\n<figure class=\"wp-block-image size-large\"><a href=\"https:\/\/bmb-renov.fr\/\"><img loading=\"lazy\" decoding=\"async\" width=\"500\" height=\"500\" data-id=\"308\" src=\"https:\/\/bmb-renov.fr\/wp-content\/uploads\/2024\/09\/2-3.png\" alt=\"\" class=\"wp-image-308\" srcset=\"https:\/\/bmb-renov.fr\/wp-content\/uploads\/2024\/09\/2-3.png 500w, https:\/\/bmb-renov.fr\/wp-content\/uploads\/2024\/09\/2-3-300x300.png 300w, https:\/\/bmb-renov.fr\/wp-content\/uploads\/2024\/09\/2-3-150x150.png 150w\" sizes=\"auto, (max-width: 500px) 100vw, 500px\" \/><\/a><\/figure>\n<\/figure>\n<\/div>\n<\/div>\n\n\n\n<section class=\"wp-block-group alignfull has-text-color has-global-padding is-layout-constrained wp-container-core-group-is-layout-4252d6ba wp-block-group-is-layout-constrained\" style=\"color:#03081e;margin-top:0px;padding-top:6.51rem;padding-right:1rem;padding-bottom:5.5rem;padding-left:1rem;font-size:clamp(0.875rem, 0.875rem + ((1vw - 0.2rem) * 0.464), 1.13rem);font-style:normal;font-weight:400;line-height:1.4\">\n<div class=\"wp-block-group alignfull has-text-color has-global-padding is-layout-constrained wp-container-core-group-is-layout-9f6dfefa wp-block-group-is-layout-constrained\" style=\"color:#252525;margin-top:0px;padding-top:0rem;padding-right:1rem;padding-bottom:0rem;padding-left:1rem;font-size:clamp(0.875rem, 0.875rem + ((1vw - 0.2rem) * 0.464), 1.13rem);font-style:normal;font-weight:400;line-height:1.4\">\n<div class=\"wp-block-group alignwide has-global-padding is-layout-constrained wp-block-group-is-layout-constrained\">\n<div class=\"wp-block-group has-global-padding is-layout-constrained wp-block-group-is-layout-constrained\">\n<h2 class=\"wp-block-heading has-text-align-center has-text-color\" style=\"color:#000000;margin-bottom:0.51rem;font-size:clamp(1.307rem, 1.307rem + ((1vw - 0.2rem) * 1.46), 2.11rem);font-style:normal;font-weight:500;line-height:1.2\">Envoyer un message<\/h2>\n\n\n\n<p class=\"has-text-align-center has-text-color\" style=\"color:#575763;margin-top:0rem;font-size:clamp(0.875rem, 0.875rem + ((1vw - 0.2rem) * 0.064), 0.91rem);font-style:normal;font-weight:400;line-height:1.5\">Remplissez le formulaire ci-dessous et nous vous r\u00e9pondrons dans les plus brefs d\u00e9lais.<\/p>\n\n\n<style id=\"wpforms-css-vars-227-block-15e41f3c-1455-4730-a4dc-f0255477cab8\">\n\t\t\t\t#wpforms-227.wpforms-block-15e41f3c-1455-4730-a4dc-f0255477cab8 {\n\t\t\t\t--wpforms-label-color: #262626;\n--wpforms-label-sublabel-color: #7f7f7f;\n--wpforms-label-error-color: #ff0000;\n--wpforms-page-break-color: #dddddd;\n--wpforms-field-border-radius: 0px;\n--wpforms-field-border-color: #cccccc;\n--wpforms-field-border-color-spare: #cccccc;\n--wpforms-field-text-color: #444444;\n--wpforms-button-border-style: solid;\n--wpforms-button-border-radius: 0px;\n--wpforms-button-background-color: #dddddd;\n--wpforms-button-text-color: #666666;\n--wpforms-button-border-color: #cccccc;\n--wpforms-field-size-input-height: 43px;\n--wpforms-field-size-input-spacing: 15px;\n--wpforms-field-size-font-size: 16px;\n--wpforms-field-size-line-height: 19px;\n--wpforms-field-size-padding-h: 14px;\n--wpforms-field-size-checkbox-size: 16px;\n--wpforms-field-size-sublabel-spacing: 5px;\n--wpforms-field-size-icon-size: 1;\n--wpforms-label-size-font-size: 14px;\n--wpforms-label-size-line-height: 17px;\n--wpforms-label-size-sublabel-font-size: 13px;\n--wpforms-label-size-sublabel-line-height: 16px;\n--wpforms-button-size-font-size: 17px;\n--wpforms-button-size-height: 41px;\n--wpforms-button-size-padding-h: 15px;\n--wpforms-button-size-margin-top: 10px;\n\t\t\t}\n\t\t\t<\/style><div class=\"wpforms-container wpforms-container-full wpforms-block wpforms-block-15e41f3c-1455-4730-a4dc-f0255477cab8 wpforms-render-modern\" id=\"wpforms-227\"><form id=\"wpforms-form-227\" class=\"wpforms-validate wpforms-form wpforms-ajax-form\" data-formid=\"227\" method=\"post\" enctype=\"multipart\/form-data\" action=\"\/index.php\/wp-json\/wp\/v2\/pages\/175\" data-token=\"9443583e7e0a602a2e8d59d4dfd817c0\" data-token-time=\"1775861242\"><noscript class=\"wpforms-error-noscript\">Veuillez activer JavaScript dans votre navigateur pour remplir ce formulaire.<\/noscript><div id=\"wpforms-error-noscript\" style=\"display: none;\">Veuillez activer JavaScript dans votre navigateur pour remplir ce formulaire.<\/div><div class=\"wpforms-field-container\">\t\t<div id=\"wpforms-227-field_4-container\"\n\t\t\tclass=\"wpforms-field wpforms-field-text\"\n\t\t\tdata-field-type=\"text\"\n\t\t\tdata-field-id=\"4\"\n\t\t\t>\n\t\t\t<label class=\"wpforms-field-label\" for=\"wpforms-227-field_4\" >Nom Commentaire ou<\/label>\n\t\t\t<input type=\"text\" id=\"wpforms-227-field_4\" class=\"wpforms-field-medium\" name=\"wpforms[fields][4]\" >\n\t\t<\/div>\n\t\t<div id=\"wpforms-227-field_1-container\" class=\"wpforms-field wpforms-field-name\" data-field-id=\"1\"><fieldset><legend class=\"wpforms-field-label\">Nom <span class=\"wpforms-required-label\" aria-hidden=\"true\">*<\/span><\/legend><div class=\"wpforms-field-row wpforms-field-medium\"><div class=\"wpforms-field-row-block wpforms-first wpforms-one-half\"><input type=\"text\" id=\"wpforms-227-field_1\" class=\"wpforms-field-name-first wpforms-field-required\" name=\"wpforms[fields][1][first]\" aria-errormessage=\"wpforms-227-field_1-error\" required><label for=\"wpforms-227-field_1\" class=\"wpforms-field-sublabel after\">Pr\u00e9nom<\/label><\/div><div class=\"wpforms-field-row-block wpforms-one-half\"><input type=\"text\" id=\"wpforms-227-field_1-last\" class=\"wpforms-field-name-last wpforms-field-required\" name=\"wpforms[fields][1][last]\" aria-errormessage=\"wpforms-227-field_1-last-error\" required><label for=\"wpforms-227-field_1-last\" class=\"wpforms-field-sublabel after\">Nom<\/label><\/div><\/div><\/fieldset><\/div><div id=\"wpforms-227-field_2-container\" class=\"wpforms-field wpforms-field-email\" data-field-id=\"2\"><label class=\"wpforms-field-label\" for=\"wpforms-227-field_2\">E-mail <span class=\"wpforms-required-label\" aria-hidden=\"true\">*<\/span><\/label><input type=\"email\" id=\"wpforms-227-field_2\" class=\"wpforms-field-medium wpforms-field-required\" name=\"wpforms[fields][2]\" spellcheck=\"false\" aria-errormessage=\"wpforms-227-field_2-error\" required><\/div><div id=\"wpforms-227-field_3-container\" class=\"wpforms-field wpforms-field-textarea\" data-field-id=\"3\"><label class=\"wpforms-field-label\" for=\"wpforms-227-field_3\">Commentaire ou message<\/label><textarea id=\"wpforms-227-field_3\" class=\"wpforms-field-medium\" name=\"wpforms[fields][3]\" aria-errormessage=\"wpforms-227-field_3-error\" ><\/textarea><\/div><script>\n\t\t\t\t( function() {\n\t\t\t\t\tconst style = document.createElement( 'style' );\n\t\t\t\t\tstyle.appendChild( document.createTextNode( '#wpforms-227-field_4-container { position: absolute !important; overflow: hidden !important; display: inline !important; height: 1px !important; width: 1px !important; z-index: -1000 !important; padding: 0 !important; } #wpforms-227-field_4-container input { visibility: hidden; } #wpforms-conversational-form-page #wpforms-227-field_4-container label { counter-increment: none; }' ) );\n\t\t\t\t\tdocument.head.appendChild( style );\n\t\t\t\t\tdocument.currentScript?.remove();\n\t\t\t\t} )();\n\t\t\t<\/script><\/div><!-- .wpforms-field-container --><div class=\"wpforms-submit-container\" ><input type=\"hidden\" name=\"wpforms[id]\" value=\"227\"><input type=\"hidden\" name=\"page_title\" value=\"\"><input type=\"hidden\" name=\"page_url\" value=\"https:\/\/bmb-renov.fr\/index.php\/wp-json\/wp\/v2\/pages\/175\"><input type=\"hidden\" name=\"url_referer\" value=\"\"><button type=\"submit\" name=\"wpforms[submit]\" id=\"wpforms-submit-227\" class=\"wpforms-submit\" data-alt-text=\"Envoi...\" data-submit-text=\"Envoyer\" aria-live=\"assertive\" value=\"wpforms-submit\">Envoyer<\/button><img loading=\"lazy\" decoding=\"async\" src=\"https:\/\/bmb-renov.fr\/wp-content\/plugins\/wpforms-lite\/assets\/images\/submit-spin.svg\" class=\"wpforms-submit-spinner\" style=\"display: none;\" width=\"26\" height=\"26\" alt=\"Chargement en cours\"><\/div><\/form><\/div>  <!-- .wpforms-container --><\/div>\n<\/div>\n<\/div>\n\n\n\n<div class=\"wp-block-group alignwide has-global-padding is-layout-constrained wp-container-core-group-is-layout-4383d167 wp-block-group-is-layout-constrained\">\n<div class=\"wp-block-columns is-layout-flex wp-container-core-columns-is-layout-28f84493 wp-block-columns-is-layout-flex\">\n<div class=\"wp-block-column has-background is-layout-flow wp-block-column-is-layout-flow\" style=\"background-color:#e7b3a4;padding-top:var(--wp--preset--spacing--30);padding-right:var(--wp--preset--spacing--30);padding-bottom:var(--wp--preset--spacing--30);padding-left:var(--wp--preset--spacing--30)\">\n<figure class=\"wp-block-image aligncenter size-full wp-duotone-grayscale\"><img decoding=\"async\" src=\"https:\/\/gb11.gowebexperts.com\/wp-content\/uploads\/2023\/11\/location.png\" alt=\"\" class=\"wp-image-49\" style=\"object-fit:cover\"\/><\/figure>\n\n\n\n<h4 class=\"wp-block-heading has-text-align-center has-text-color has-link-color has-prata-font-family wp-elements-e01baecd230638c084510952765adc5a\" style=\"color:#3e3e3e;font-size:clamp(14px, 0.875rem + ((1vw - 3.2px) * 0.682), 20px);letter-spacing:1px\">Adresse<\/h4>\n\n\n\n<p class=\"has-text-align-center has-text-color has-link-color has-pontano-sans-font-family wp-elements-65d6b5a5b853826ea2300465d4dea71f\" style=\"color:#3e3e3e;font-size:clamp(14px, 0.875rem + ((1vw - 3.2px) * 0.455), 18px);letter-spacing:1px\">OYE-PLAGE<\/p>\n<\/div>\n\n\n\n<div class=\"wp-block-column has-background is-layout-flow wp-block-column-is-layout-flow\" style=\"background-color:#e7b3a4;padding-top:var(--wp--preset--spacing--30);padding-right:var(--wp--preset--spacing--30);padding-bottom:var(--wp--preset--spacing--30);padding-left:var(--wp--preset--spacing--30)\">\n<figure class=\"wp-block-image aligncenter size-full wp-duotone-grayscale\"><img decoding=\"async\" src=\"https:\/\/gb11.gowebexperts.com\/wp-content\/uploads\/2023\/11\/phone-call-2.png\" alt=\"\" class=\"wp-image-48\" style=\"object-fit:cover\"\/><\/figure>\n\n\n\n<h4 class=\"wp-block-heading has-text-align-center has-text-color has-link-color has-prata-font-family wp-elements-c1437529b09921d675c6d09aa17fd3fb\" style=\"color:#3e3e3e;font-size:clamp(14px, 0.875rem + ((1vw - 3.2px) * 0.682), 20px);letter-spacing:1px\">Contact<\/h4>\n\n\n\n<p class=\"has-text-align-center\">  06 62 57 95 05 <\/p>\n\n\n\n<p class=\"has-text-align-center has-text-color has-link-color has-pontano-sans-font-family wp-elements-3be1deb5be0bf4968a44f12256234829\" style=\"color:#3e3e3e;font-size:clamp(14px, 0.875rem + ((1vw - 3.2px) * 0.455), 18px);letter-spacing:1px\"><br><\/p>\n<\/div>\n\n\n\n<div class=\"wp-block-column has-background is-layout-flow wp-block-column-is-layout-flow\" style=\"background-color:#e7b3a4;padding-top:var(--wp--preset--spacing--30);padding-right:var(--wp--preset--spacing--30);padding-bottom:var(--wp--preset--spacing--30);padding-left:var(--wp--preset--spacing--30)\">\n<figure class=\"wp-block-image aligncenter size-full wp-duotone-grayscale\"><img decoding=\"async\" src=\"https:\/\/gb11.gowebexperts.com\/wp-content\/uploads\/2023\/11\/email-1.png\" alt=\"\" class=\"wp-image-50\"\/><\/figure>\n\n\n\n<h4 class=\"wp-block-heading has-text-align-center has-text-color has-link-color has-prata-font-family wp-elements-c9f23931f2a061d4f9da684cf01465b5\" style=\"color:#3e3e3e;font-size:clamp(14px, 0.875rem + ((1vw - 3.2px) * 0.682), 20px);letter-spacing:1px\">Email<\/h4>\n\n\n\n<p class=\"has-text-align-center has-text-color has-link-color has-pontano-sans-font-family wp-elements-0b314214ed515ed6c12362cc6d6bff8b\" style=\"color:#3e3e3e;font-size:clamp(14px, 0.875rem + ((1vw - 3.2px) * 0.455), 18px);letter-spacing:1px\">Contact@bmb-renov.fr<\/p>\n<\/div>\n<\/div>\n<\/div>\n<\/section>\n\n\n\n<section class=\"wp-block-cover alignfull is-light has-custom-content-position is-position-top-center\" style=\"margin-top:0px;padding-top:0rem;padding-bottom:0px;min-height:710px;aspect-ratio:unset;\"><span aria-hidden=\"true\" class=\"wp-block-cover__background has-background-dim-20 has-background-dim\" style=\"background-color:#9193ab\"><\/span><img loading=\"lazy\" decoding=\"async\" width=\"1230\" height=\"859\" class=\"wp-block-cover__image-background wp-image-281\" alt=\"\" src=\"https:\/\/bmb-renov.fr\/wp-content\/uploads\/2024\/09\/DSC_1036.jpg\" data-object-fit=\"cover\" srcset=\"https:\/\/bmb-renov.fr\/wp-content\/uploads\/2024\/09\/DSC_1036.jpg 1230w, https:\/\/bmb-renov.fr\/wp-content\/uploads\/2024\/09\/DSC_1036-300x210.jpg 300w, https:\/\/bmb-renov.fr\/wp-content\/uploads\/2024\/09\/DSC_1036-1024x715.jpg 1024w, https:\/\/bmb-renov.fr\/wp-content\/uploads\/2024\/09\/DSC_1036-768x536.jpg 768w\" sizes=\"auto, (max-width: 1230px) 100vw, 1230px\" \/><div class=\"wp-block-cover__inner-container has-global-padding is-layout-constrained wp-container-core-cover-is-layout-e165fa9a wp-block-cover-is-layout-constrained\">\n<div class=\"wp-block-group is-vertical is-content-justification-stretch is-layout-flex wp-container-core-group-is-layout-7e924153 wp-block-group-is-layout-flex\" style=\"margin-top:8%\">\n<h2 class=\"wp-block-heading has-text-align-center has-text-color\" style=\"color:#fefefe;margin-bottom:1.11rem;font-size:clamp(1.255rem, 1.255rem + ((1vw - 0.2rem) * 1.373), 2.01rem);font-style:normal;font-weight:500;line-height:1.2\"><\/h2>\n<\/div>\n<\/div><\/section>\n","protected":false},"excerpt":{"rendered":"<p>Envoyer un message Remplissez le formulaire ci-dessous et nous vous r\u00e9pondrons dans les plus brefs d\u00e9lais. Adresse OYE-PLAGE Contact 06 62 57 95 05 Email Contact@bmb-renov.fr<\/p>\n","protected":false},"author":1,"featured_media":0,"parent":0,"menu_order":0,"comment_status":"closed","ping_status":"closed","template":"","meta":{"footnotes":""},"class_list":["post-175","page","type-page","status-publish","hentry"],"yoast_head":"<!-- This site is optimized with the Yoast SEO plugin v27.3 - https:\/\/yoast.com\/product\/yoast-seo-wordpress\/ -->\n<title>Contact - B.M.B R\u00e9nov<\/title>\n<meta name=\"robots\" content=\"index, follow, max-snippet:-1, max-image-preview:large, max-video-preview:-1\" \/>\n<link rel=\"canonical\" href=\"https:\/\/bmb-renov.fr\/index.php\/contact\/\" \/>\n<meta property=\"og:locale\" content=\"fr_FR\" \/>\n<meta property=\"og:type\" content=\"article\" \/>\n<meta property=\"og:title\" content=\"Contact - B.M.B R\u00e9nov\" \/>\n<meta property=\"og:description\" content=\"Envoyer un message Remplissez le formulaire ci-dessous et nous vous r\u00e9pondrons dans les plus brefs d\u00e9lais. Adresse OYE-PLAGE Contact 06 62 57 95 05 Email Contact@bmb-renov.fr\" \/>\n<meta property=\"og:url\" content=\"https:\/\/bmb-renov.fr\/index.php\/contact\/\" \/>\n<meta property=\"og:site_name\" content=\"B.M.B R\u00e9nov\" \/>\n<meta property=\"article:modified_time\" content=\"2024-11-21T10:20:24+00:00\" \/>\n<meta property=\"og:image\" content=\"https:\/\/bmb-renov.fr\/wp-content\/uploads\/2024\/09\/2-3.png\" \/>\n\t<meta property=\"og:image:width\" content=\"500\" \/>\n\t<meta property=\"og:image:height\" content=\"500\" \/>\n\t<meta property=\"og:image:type\" content=\"image\/png\" \/>\n<meta name=\"twitter:card\" content=\"summary_large_image\" \/>\n<meta name=\"twitter:label1\" content=\"Dur\u00e9e de lecture estim\u00e9e\" \/>\n\t<meta name=\"twitter:data1\" content=\"2 minutes\" \/>\n<script type=\"application\/ld+json\" class=\"yoast-schema-graph\">{\"@context\":\"https:\\\/\\\/schema.org\",\"@graph\":[{\"@type\":\"WebPage\",\"@id\":\"https:\\\/\\\/bmb-renov.fr\\\/index.php\\\/contact\\\/\",\"url\":\"https:\\\/\\\/bmb-renov.fr\\\/index.php\\\/contact\\\/\",\"name\":\"Contact - B.M.B R\u00e9nov\",\"isPartOf\":{\"@id\":\"https:\\\/\\\/bmb-renov.fr\\\/#website\"},\"primaryImageOfPage\":{\"@id\":\"https:\\\/\\\/bmb-renov.fr\\\/index.php\\\/contact\\\/#primaryimage\"},\"image\":{\"@id\":\"https:\\\/\\\/bmb-renov.fr\\\/index.php\\\/contact\\\/#primaryimage\"},\"thumbnailUrl\":\"https:\\\/\\\/bmb-renov.fr\\\/wp-content\\\/uploads\\\/2024\\\/09\\\/2-3.png\",\"datePublished\":\"2024-09-19T09:10:34+00:00\",\"dateModified\":\"2024-11-21T10:20:24+00:00\",\"breadcrumb\":{\"@id\":\"https:\\\/\\\/bmb-renov.fr\\\/index.php\\\/contact\\\/#breadcrumb\"},\"inLanguage\":\"fr-FR\",\"potentialAction\":[{\"@type\":\"ReadAction\",\"target\":[\"https:\\\/\\\/bmb-renov.fr\\\/index.php\\\/contact\\\/\"]}]},{\"@type\":\"ImageObject\",\"inLanguage\":\"fr-FR\",\"@id\":\"https:\\\/\\\/bmb-renov.fr\\\/index.php\\\/contact\\\/#primaryimage\",\"url\":\"https:\\\/\\\/bmb-renov.fr\\\/wp-content\\\/uploads\\\/2024\\\/09\\\/2-3.png\",\"contentUrl\":\"https:\\\/\\\/bmb-renov.fr\\\/wp-content\\\/uploads\\\/2024\\\/09\\\/2-3.png\",\"width\":500,\"height\":500},{\"@type\":\"BreadcrumbList\",\"@id\":\"https:\\\/\\\/bmb-renov.fr\\\/index.php\\\/contact\\\/#breadcrumb\",\"itemListElement\":[{\"@type\":\"ListItem\",\"position\":1,\"name\":\"Accueil\",\"item\":\"https:\\\/\\\/bmb-renov.fr\\\/\"},{\"@type\":\"ListItem\",\"position\":2,\"name\":\"Contact\"}]},{\"@type\":\"WebSite\",\"@id\":\"https:\\\/\\\/bmb-renov.fr\\\/#website\",\"url\":\"https:\\\/\\\/bmb-renov.fr\\\/\",\"name\":\"B.M.B R\u00e9nov\",\"description\":\"\",\"publisher\":{\"@id\":\"https:\\\/\\\/bmb-renov.fr\\\/#organization\"},\"potentialAction\":[{\"@type\":\"SearchAction\",\"target\":{\"@type\":\"EntryPoint\",\"urlTemplate\":\"https:\\\/\\\/bmb-renov.fr\\\/?s={search_term_string}\"},\"query-input\":{\"@type\":\"PropertyValueSpecification\",\"valueRequired\":true,\"valueName\":\"search_term_string\"}}],\"inLanguage\":\"fr-FR\"},{\"@type\":\"Organization\",\"@id\":\"https:\\\/\\\/bmb-renov.fr\\\/#organization\",\"name\":\"B.M.B R\u00e9nov\",\"url\":\"https:\\\/\\\/bmb-renov.fr\\\/\",\"logo\":{\"@type\":\"ImageObject\",\"inLanguage\":\"fr-FR\",\"@id\":\"https:\\\/\\\/bmb-renov.fr\\\/#\\\/schema\\\/logo\\\/image\\\/\",\"url\":\"https:\\\/\\\/bmb-renov.fr\\\/wp-content\\\/uploads\\\/2024\\\/09\\\/cropped-LOGO-1.png\",\"contentUrl\":\"https:\\\/\\\/bmb-renov.fr\\\/wp-content\\\/uploads\\\/2024\\\/09\\\/cropped-LOGO-1.png\",\"width\":2000,\"height\":1350,\"caption\":\"B.M.B R\u00e9nov\"},\"image\":{\"@id\":\"https:\\\/\\\/bmb-renov.fr\\\/#\\\/schema\\\/logo\\\/image\\\/\"}}]}<\/script>\n<!-- \/ Yoast SEO plugin. -->","yoast_head_json":{"title":"Contact - B.M.B R\u00e9nov","robots":{"index":"index","follow":"follow","max-snippet":"max-snippet:-1","max-image-preview":"max-image-preview:large","max-video-preview":"max-video-preview:-1"},"canonical":"https:\/\/bmb-renov.fr\/index.php\/contact\/","og_locale":"fr_FR","og_type":"article","og_title":"Contact - B.M.B R\u00e9nov","og_description":"Envoyer un message Remplissez le formulaire ci-dessous et nous vous r\u00e9pondrons dans les plus brefs d\u00e9lais. Adresse OYE-PLAGE Contact 06 62 57 95 05 Email Contact@bmb-renov.fr","og_url":"https:\/\/bmb-renov.fr\/index.php\/contact\/","og_site_name":"B.M.B R\u00e9nov","article_modified_time":"2024-11-21T10:20:24+00:00","og_image":[{"width":500,"height":500,"url":"https:\/\/bmb-renov.fr\/wp-content\/uploads\/2024\/09\/2-3.png","type":"image\/png"}],"twitter_card":"summary_large_image","twitter_misc":{"Dur\u00e9e de lecture estim\u00e9e":"2 minutes"},"schema":{"@context":"https:\/\/schema.org","@graph":[{"@type":"WebPage","@id":"https:\/\/bmb-renov.fr\/index.php\/contact\/","url":"https:\/\/bmb-renov.fr\/index.php\/contact\/","name":"Contact - B.M.B R\u00e9nov","isPartOf":{"@id":"https:\/\/bmb-renov.fr\/#website"},"primaryImageOfPage":{"@id":"https:\/\/bmb-renov.fr\/index.php\/contact\/#primaryimage"},"image":{"@id":"https:\/\/bmb-renov.fr\/index.php\/contact\/#primaryimage"},"thumbnailUrl":"https:\/\/bmb-renov.fr\/wp-content\/uploads\/2024\/09\/2-3.png","datePublished":"2024-09-19T09:10:34+00:00","dateModified":"2024-11-21T10:20:24+00:00","breadcrumb":{"@id":"https:\/\/bmb-renov.fr\/index.php\/contact\/#breadcrumb"},"inLanguage":"fr-FR","potentialAction":[{"@type":"ReadAction","target":["https:\/\/bmb-renov.fr\/index.php\/contact\/"]}]},{"@type":"ImageObject","inLanguage":"fr-FR","@id":"https:\/\/bmb-renov.fr\/index.php\/contact\/#primaryimage","url":"https:\/\/bmb-renov.fr\/wp-content\/uploads\/2024\/09\/2-3.png","contentUrl":"https:\/\/bmb-renov.fr\/wp-content\/uploads\/2024\/09\/2-3.png","width":500,"height":500},{"@type":"BreadcrumbList","@id":"https:\/\/bmb-renov.fr\/index.php\/contact\/#breadcrumb","itemListElement":[{"@type":"ListItem","position":1,"name":"Accueil","item":"https:\/\/bmb-renov.fr\/"},{"@type":"ListItem","position":2,"name":"Contact"}]},{"@type":"WebSite","@id":"https:\/\/bmb-renov.fr\/#website","url":"https:\/\/bmb-renov.fr\/","name":"B.M.B R\u00e9nov","description":"","publisher":{"@id":"https:\/\/bmb-renov.fr\/#organization"},"potentialAction":[{"@type":"SearchAction","target":{"@type":"EntryPoint","urlTemplate":"https:\/\/bmb-renov.fr\/?s={search_term_string}"},"query-input":{"@type":"PropertyValueSpecification","valueRequired":true,"valueName":"search_term_string"}}],"inLanguage":"fr-FR"},{"@type":"Organization","@id":"https:\/\/bmb-renov.fr\/#organization","name":"B.M.B R\u00e9nov","url":"https:\/\/bmb-renov.fr\/","logo":{"@type":"ImageObject","inLanguage":"fr-FR","@id":"https:\/\/bmb-renov.fr\/#\/schema\/logo\/image\/","url":"https:\/\/bmb-renov.fr\/wp-content\/uploads\/2024\/09\/cropped-LOGO-1.png","contentUrl":"https:\/\/bmb-renov.fr\/wp-content\/uploads\/2024\/09\/cropped-LOGO-1.png","width":2000,"height":1350,"caption":"B.M.B R\u00e9nov"},"image":{"@id":"https:\/\/bmb-renov.fr\/#\/schema\/logo\/image\/"}}]}},"_links":{"self":[{"href":"https:\/\/bmb-renov.fr\/index.php\/wp-json\/wp\/v2\/pages\/175","targetHints":{"allow":["GET"]}}],"collection":[{"href":"https:\/\/bmb-renov.fr\/index.php\/wp-json\/wp\/v2\/pages"}],"about":[{"href":"https:\/\/bmb-renov.fr\/index.php\/wp-json\/wp\/v2\/types\/page"}],"author":[{"embeddable":true,"href":"https:\/\/bmb-renov.fr\/index.php\/wp-json\/wp\/v2\/users\/1"}],"replies":[{"embeddable":true,"href":"https:\/\/bmb-renov.fr\/index.php\/wp-json\/wp\/v2\/comments?post=175"}],"version-history":[{"count":21,"href":"https:\/\/bmb-renov.fr\/index.php\/wp-json\/wp\/v2\/pages\/175\/revisions"}],"predecessor-version":[{"id":346,"href":"https:\/\/bmb-renov.fr\/index.php\/wp-json\/wp\/v2\/pages\/175\/revisions\/346"}],"wp:attachment":[{"href":"https:\/\/bmb-renov.fr\/index.php\/wp-json\/wp\/v2\/media?parent=175"}],"curies":[{"name":"wp","href":"https:\/\/api.w.org\/{rel}","templated":true}]}}