{"id":173,"date":"2024-09-19T11:10:20","date_gmt":"2024-09-19T09:10:20","guid":{"rendered":"https:\/\/bmb-renov.fr\/?page_id=173"},"modified":"2024-09-26T15:03:14","modified_gmt":"2024-09-26T13:03:14","slug":"services","status":"publish","type":"page","link":"https:\/\/bmb-renov.fr\/index.php\/services\/","title":{"rendered":"Services"},"content":{"rendered":"\n<div class=\"wp-block-cover alignfull\" style=\"padding-top:0px;padding-bottom:80px;min-height:300px;aspect-ratio:unset;\"><span aria-hidden=\"true\" class=\"wp-block-cover__background has-black-background-color has-background-dim-30 has-background-dim\"><\/span><img loading=\"lazy\" decoding=\"async\" width=\"2048\" height=\"836\" class=\"wp-block-cover__image-background wp-image-309\" alt=\"\" src=\"https:\/\/bmb-renov.fr\/wp-content\/uploads\/2024\/09\/istockphoto-973173628-2048x2048-5.jpg\" data-object-fit=\"cover\" srcset=\"https:\/\/bmb-renov.fr\/wp-content\/uploads\/2024\/09\/istockphoto-973173628-2048x2048-5.jpg 2048w, https:\/\/bmb-renov.fr\/wp-content\/uploads\/2024\/09\/istockphoto-973173628-2048x2048-5-300x122.jpg 300w, https:\/\/bmb-renov.fr\/wp-content\/uploads\/2024\/09\/istockphoto-973173628-2048x2048-5-1024x418.jpg 1024w, https:\/\/bmb-renov.fr\/wp-content\/uploads\/2024\/09\/istockphoto-973173628-2048x2048-5-768x314.jpg 768w, https:\/\/bmb-renov.fr\/wp-content\/uploads\/2024\/09\/istockphoto-973173628-2048x2048-5-1536x627.jpg 1536w\" sizes=\"auto, (max-width: 2048px) 100vw, 2048px\" \/><div class=\"wp-block-cover__inner-container has-global-padding is-layout-constrained wp-container-core-cover-is-layout-c6a8eace wp-block-cover-is-layout-constrained\">\n<div style=\"height:200px\" aria-hidden=\"true\" class=\"wp-block-spacer\"><\/div>\n\n\n\n<h2 class=\"wp-block-heading has-text-align-center has-text-color has-link-color has-cormorant-font-family wp-elements-fe6a3171be913fd5f417d792e2c893c3\" style=\"color:#ffffff;font-size:clamp(30.232px, 1.89rem + ((1vw - 3.2px) * 2.587), 53px);font-style:normal;font-weight:500;line-height:1.3\"><\/h2>\n<\/div><\/div>\n\n\n\n<div class=\"wp-block-group alignwide has-global-padding is-layout-constrained wp-container-core-group-is-layout-66859b08 wp-block-group-is-layout-constrained\" style=\"padding-top:50px\">\n<h3 class=\"wp-block-heading has-text-align-center has-text-color has-link-color has-cormorant-font-family wp-elements-fbefb581f302fe76ed6179afaf5cf6b5\" style=\"color:#000000;font-size:clamp(35.2px, 2.2rem + ((1vw - 3.2px) * 3.273), 64px);font-style:normal;font-weight:500;line-height:1.0\">Donnez de l&rsquo;importance \u00e0 chacune de vos d\u00e9cisions.<\/h3>\n<\/div>\n\n\n\n<div class=\"wp-block-group alignwide has-global-padding is-layout-constrained wp-container-core-group-is-layout-0117c4cf wp-block-group-is-layout-constrained\" style=\"padding-top:80px;padding-bottom:80px\">\n<div class=\"wp-block-columns is-layout-flex wp-container-core-columns-is-layout-ef0d7af3 wp-block-columns-is-layout-flex\" style=\"margin-top:0;margin-bottom:0;padding-top:0px\">\n<div class=\"wp-block-column is-vertically-aligned-center is-layout-flow wp-block-column-is-layout-flow\">\n<figure class=\"wp-block-image aligncenter size-full\"><img loading=\"lazy\" decoding=\"async\" width=\"1200\" height=\"1600\" src=\"https:\/\/bmb-renov.fr\/wp-content\/uploads\/2024\/09\/IMG_20240915_101509-13.jpg\" alt=\"\" class=\"wp-image-239\" style=\"aspect-ratio:4\/3;object-fit:cover\" srcset=\"https:\/\/bmb-renov.fr\/wp-content\/uploads\/2024\/09\/IMG_20240915_101509-13.jpg 1200w, https:\/\/bmb-renov.fr\/wp-content\/uploads\/2024\/09\/IMG_20240915_101509-13-225x300.jpg 225w, https:\/\/bmb-renov.fr\/wp-content\/uploads\/2024\/09\/IMG_20240915_101509-13-768x1024.jpg 768w, https:\/\/bmb-renov.fr\/wp-content\/uploads\/2024\/09\/IMG_20240915_101509-13-1152x1536.jpg 1152w\" sizes=\"auto, (max-width: 1200px) 100vw, 1200px\" \/><\/figure>\n<\/div>\n\n\n\n<div class=\"wp-block-column is-vertically-aligned-center is-layout-flow wp-block-column-is-layout-flow\" style=\"padding-right:0px\">\n<p class=\"has-text-color has-link-color has-cormorant-font-family wp-elements-169eb5c25735c924a7a156d9e5ed7eca\" style=\"color:#000000;font-size:clamp(26.465px, 1.654rem + ((1vw - 3.2px) * 2.106), 45px);font-style:normal;font-weight:400;line-height:1\">L&rsquo;isolation.<\/p>\n\n\n\n<p class=\"has-text-color has-link-color wp-elements-2c6f4cd8e68772230ed6d922ae84dcd1\" style=\"color:#000000;font-size:clamp(14px, 0.875rem + ((1vw - 3.2px) * 0.455), 18px);\">Structurer les espaces int\u00e9rieurs avec une bonne isolation est essentiel pour assurer confort et bien-\u00eatre au quotidien. Une isolation de qualit\u00e9 ne se limite pas \u00e0 r\u00e9guler la temp\u00e9rature; elle r\u00e9duit aussi les nuisances sonores, am\u00e9liore la qualit\u00e9 de l&rsquo;air et favorise une consommation \u00e9nerg\u00e9tique responsable. En cr\u00e9ant des espaces mieux prot\u00e9g\u00e9s des variations climatiques et des bruits ext\u00e9rieurs, on renforce non seulement la fonctionnalit\u00e9 des lieux, mais aussi la s\u00e9r\u00e9nit\u00e9 des occupants. Une bonne isolation est donc bien plus qu&rsquo;un simple choix technique : c&rsquo;est un investissement durable pour une meilleure qualit\u00e9 de vie.<\/p>\n\n\n\n<div class=\"wp-block-buttons is-layout-flex wp-block-buttons-is-layout-flex\">\n<div class=\"wp-block-button has-custom-font-size is-style-outline has-jost-font-family is-style-outline--1\" style=\"font-size:clamp(14px, 0.875rem + ((1vw - 3.2px) * 0.455), 18px);font-style:normal;font-weight:400;letter-spacing:1px;text-transform:uppercase\"><a class=\"wp-block-button__link has-text-color has-link-color wp-element-button\" href=\"https:\/\/bmb-renov.fr\/index.php\/contact\/\" style=\"border-width:1px;border-radius:0px;color:#000000\">CONTACT <\/a><\/div>\n<\/div>\n<\/div>\n<\/div>\n\n\n\n<div class=\"wp-block-columns is-layout-flex wp-container-core-columns-is-layout-1dfa88d9 wp-block-columns-is-layout-flex\" style=\"margin-top:0;margin-bottom:0;padding-top:80px;padding-bottom:80px\">\n<div class=\"wp-block-column is-vertically-aligned-center is-layout-flow wp-block-column-is-layout-flow\" style=\"padding-left:0px\">\n<p class=\"has-text-color has-link-color has-cormorant-font-family wp-elements-7d443266187f5a3f0ac2c88bde910758\" style=\"color:#000000;font-size:clamp(26.465px, 1.654rem + ((1vw - 3.2px) * 2.106), 45px);font-style:normal;font-weight:400;line-height:1\">Les cloisons<\/p>\n\n\n\n<p>La r\u00e9alisation des cloisons par un plaquiste est une \u00e9tape cl\u00e9 dans l&rsquo;am\u00e9nagement d&rsquo;un espace int\u00e9rieur. Le plaquiste, gr\u00e2ce \u00e0 son expertise, structure les pi\u00e8ces en installant des cloisons qui d\u00e9finissent les volumes et optimisent l&rsquo;organisation des lieux. Que ce soit pour s\u00e9parer des espaces de vie ou cr\u00e9er de nouvelles zones fonctionnelles, il veille \u00e0 l\u2019isolation acoustique et thermique tout en assurant des finitions impeccables. Un travail de qualit\u00e9 permet de garantir des murs solides, esth\u00e9tiques et adapt\u00e9s aux besoins, offrant ainsi confort et modularit\u00e9 \u00e0 chaque pi\u00e8ce.<\/p>\n\n\n\n<div class=\"wp-block-buttons is-layout-flex wp-block-buttons-is-layout-flex\">\n<div class=\"wp-block-button has-custom-font-size is-style-outline has-jost-font-family is-style-outline--2\" style=\"font-size:clamp(14px, 0.875rem + ((1vw - 3.2px) * 0.455), 18px);font-style:normal;font-weight:400;letter-spacing:1px;text-transform:uppercase\"><a class=\"wp-block-button__link has-text-color has-link-color wp-element-button\" href=\"https:\/\/bmb-renov.fr\/index.php\/contact\/\" style=\"border-width:1px;border-radius:0px;color:#000000\">CONTACT <\/a><\/div>\n<\/div>\n<\/div>\n\n\n\n<div class=\"wp-block-column is-vertically-aligned-center is-layout-flow wp-block-column-is-layout-flow\">\n<figure class=\"wp-block-image aligncenter size-full\"><img loading=\"lazy\" decoding=\"async\" width=\"1920\" height=\"2560\" src=\"https:\/\/bmb-renov.fr\/wp-content\/uploads\/2024\/09\/DSC_1020-scaled.jpg\" alt=\"\" class=\"wp-image-241\" style=\"aspect-ratio:4\/3;object-fit:cover\" srcset=\"https:\/\/bmb-renov.fr\/wp-content\/uploads\/2024\/09\/DSC_1020-scaled.jpg 1920w, https:\/\/bmb-renov.fr\/wp-content\/uploads\/2024\/09\/DSC_1020-225x300.jpg 225w, https:\/\/bmb-renov.fr\/wp-content\/uploads\/2024\/09\/DSC_1020-768x1024.jpg 768w, https:\/\/bmb-renov.fr\/wp-content\/uploads\/2024\/09\/DSC_1020-1152x1536.jpg 1152w, https:\/\/bmb-renov.fr\/wp-content\/uploads\/2024\/09\/DSC_1020-1536x2048.jpg 1536w\" sizes=\"auto, (max-width: 1920px) 100vw, 1920px\" \/><\/figure>\n<\/div>\n<\/div>\n\n\n\n<div class=\"wp-block-columns is-layout-flex wp-container-core-columns-is-layout-ef0d7af3 wp-block-columns-is-layout-flex\" style=\"margin-top:0;margin-bottom:0;padding-top:0px\">\n<div class=\"wp-block-column is-vertically-aligned-center is-layout-flow wp-block-column-is-layout-flow\">\n<figure class=\"wp-block-image aligncenter size-full\"><img loading=\"lazy\" decoding=\"async\" width=\"1200\" height=\"1600\" src=\"https:\/\/bmb-renov.fr\/wp-content\/uploads\/2024\/09\/IMG_20240915_101509-1.jpg\" alt=\"\" class=\"wp-image-244\" style=\"aspect-ratio:4\/3;object-fit:cover\" srcset=\"https:\/\/bmb-renov.fr\/wp-content\/uploads\/2024\/09\/IMG_20240915_101509-1.jpg 1200w, https:\/\/bmb-renov.fr\/wp-content\/uploads\/2024\/09\/IMG_20240915_101509-1-225x300.jpg 225w, https:\/\/bmb-renov.fr\/wp-content\/uploads\/2024\/09\/IMG_20240915_101509-1-768x1024.jpg 768w, https:\/\/bmb-renov.fr\/wp-content\/uploads\/2024\/09\/IMG_20240915_101509-1-1152x1536.jpg 1152w\" sizes=\"auto, (max-width: 1200px) 100vw, 1200px\" \/><\/figure>\n<\/div>\n\n\n\n<div class=\"wp-block-column is-vertically-aligned-center is-layout-flow wp-block-column-is-layout-flow\" style=\"padding-right:0px\">\n<p class=\"has-text-color has-link-color has-cormorant-font-family wp-elements-cf47b66bd0283cc22358eebc079537c3\" style=\"color:#000000;font-size:clamp(26.465px, 1.654rem + ((1vw - 3.2px) * 2.106), 45px);font-style:normal;font-weight:400;line-height:1\">Enduit<\/p>\n\n\n\n<p>En tant que pl\u00e2trier, r\u00e9aliser de beaux enduits est bien plus qu&rsquo;une simple \u00e9tape dans la construction; c&rsquo;est un v\u00e9ritable savoir-faire qui apporte une touche finale essentielle \u00e0 tout projet. Un enduit bien r\u00e9alis\u00e9 permet non seulement de lisser les surfaces et de masquer les imperfections, mais il met aussi en valeur l\u2019esth\u00e9tique globale de l\u2019espace. La pr\u00e9cision et la finesse du geste sont gages de durabilit\u00e9 et de qualit\u00e9. En ma\u00eetrisant l\u2019art de l\u2019enduit, le pl\u00e2trier participe \u00e0 la cr\u00e9ation d\u2019int\u00e9rieurs harmonieux et soign\u00e9s, o\u00f9 chaque d\u00e9tail compte pour sublimer le travail accompli.<\/p>\n\n\n\n<div class=\"wp-block-buttons is-layout-flex wp-block-buttons-is-layout-flex\">\n<div class=\"wp-block-button has-custom-font-size is-style-outline has-jost-font-family is-style-outline--3\" style=\"font-size:clamp(14px, 0.875rem + ((1vw - 3.2px) * 0.455), 18px);font-style:normal;font-weight:400;letter-spacing:1px;text-transform:uppercase\"><a class=\"wp-block-button__link has-text-color has-link-color wp-element-button\" href=\"https:\/\/bmb-renov.fr\/index.php\/contact\/\" style=\"border-width:1px;border-radius:0px;color:#000000\">CONTACT <\/a><\/div>\n<\/div>\n<\/div>\n<\/div>\n\n\n\n<div class=\"wp-block-columns is-layout-flex wp-container-core-columns-is-layout-e29271a9 wp-block-columns-is-layout-flex\" style=\"margin-top:0;margin-bottom:0;padding-top:80px;padding-bottom:0px\">\n<div class=\"wp-block-column is-vertically-aligned-center is-layout-flow wp-block-column-is-layout-flow\" style=\"padding-left:0px\">\n<p class=\"has-text-color has-link-color has-cormorant-font-family wp-elements-8dd8e71ca58cae84243bcf06c8cdffaa\" style=\"color:#000000;font-size:clamp(26.465px, 1.654rem + ((1vw - 3.2px) * 2.106), 45px);font-style:normal;font-weight:400;line-height:1\">Finitions<\/p>\n\n\n\n<p>Les finitions de peinture viennent couronner tout le travail accompli apr\u00e8s l&rsquo;isolation, la structuration des cloisons et la r\u00e9alisation des enduits. C\u2019est l\u2019\u00e9tape qui apporte la touche finale, r\u00e9v\u00e9lant la beaut\u00e9 et la personnalit\u00e9 des espaces. Une peinture soign\u00e9e met en valeur la pr\u00e9cision des enduits et l&rsquo;harmonie des volumes, tout en apportant une protection suppl\u00e9mentaire aux surfaces. Choisir les bonnes teintes et textures permet de cr\u00e9er une ambiance chaleureuse ou moderne, adapt\u00e9e aux go\u00fbts des occupants. Ainsi, les finitions de peinture subliment chaque pi\u00e8ce, transformant un simple espace en un lieu de vie agr\u00e9able et accueillant.<\/p>\n\n\n\n<div class=\"wp-block-buttons is-layout-flex wp-block-buttons-is-layout-flex\">\n<div class=\"wp-block-button has-custom-font-size is-style-outline has-jost-font-family is-style-outline--4\" style=\"font-size:clamp(14px, 0.875rem + ((1vw - 3.2px) * 0.455), 18px);font-style:normal;font-weight:400;letter-spacing:1px;text-transform:uppercase\"><a class=\"wp-block-button__link has-text-color has-link-color wp-element-button\" href=\"https:\/\/bmb-renov.fr\/index.php\/contact\/\" style=\"border-width:1px;border-radius:0px;color:#000000\">CONTACT <\/a><\/div>\n<\/div>\n<\/div>\n\n\n\n<div class=\"wp-block-column is-vertically-aligned-center is-layout-flow wp-block-column-is-layout-flow\">\n<figure class=\"wp-block-image aligncenter size-full\"><img loading=\"lazy\" decoding=\"async\" width=\"1200\" height=\"900\" src=\"https:\/\/bmb-renov.fr\/wp-content\/uploads\/2024\/09\/8d1467c3-ddf5-4f3a-9b4b-f7506197f7a0-3.webp\" alt=\"\" class=\"wp-image-248\" style=\"aspect-ratio:4\/3;object-fit:cover\" srcset=\"https:\/\/bmb-renov.fr\/wp-content\/uploads\/2024\/09\/8d1467c3-ddf5-4f3a-9b4b-f7506197f7a0-3.webp 1200w, https:\/\/bmb-renov.fr\/wp-content\/uploads\/2024\/09\/8d1467c3-ddf5-4f3a-9b4b-f7506197f7a0-3-300x225.webp 300w, https:\/\/bmb-renov.fr\/wp-content\/uploads\/2024\/09\/8d1467c3-ddf5-4f3a-9b4b-f7506197f7a0-3-1024x768.webp 1024w, https:\/\/bmb-renov.fr\/wp-content\/uploads\/2024\/09\/8d1467c3-ddf5-4f3a-9b4b-f7506197f7a0-3-768x576.webp 768w\" sizes=\"auto, (max-width: 1200px) 100vw, 1200px\" \/><\/figure>\n<\/div>\n<\/div>\n<\/div>\n\n\n\n<section class=\"wp-block-group alignfull has-background has-global-padding is-layout-constrained wp-container-core-group-is-layout-daf8f342 wp-block-group-is-layout-constrained\" style=\"background-color:#202020;margin-top:0px;margin-bottom:0px;padding-top:6.5%;padding-right:1rem;padding-bottom:6.5%;padding-left:1rem\">\n<div class=\"wp-block-group alignwide has-global-padding is-layout-constrained wp-block-group-is-layout-constrained\">\n<h3 class=\"wp-block-heading has-text-align-center has-text-color has-cormorant-font-family\" style=\"color:#ffffff;font-size:clamp(36.08px, 2.255rem + ((1vw - 3.2px) * 3.4), 66px);font-style:normal;font-weight:400;line-height:1.0\">S&rsquo;unir pour un objectif<\/h3>\n\n\n\n<p class=\"has-text-align-center has-text-color has-jost-font-family\" style=\"color:#ffffff;margin-top:1.25rem;font-size:clamp(14px, 0.875rem + ((1vw - 3.2px) * 0.682), 20px);\">Faites appel \u00e0 mon savoir-faire pour donner vie \u00e0 vos projets avec expertise et pr\u00e9cision. Fort de mon exp\u00e9rience, je m&rsquo;engage \u00e0 vous offrir un travail soign\u00e9, de la conception \u00e0 la finition, en prenant soin de chaque d\u00e9tail. Que ce soit pour la r\u00e9alisation de cloisons, des enduits impeccables ou des finitions de peinture soign\u00e9e, mon objectif est de vous garantir un r\u00e9sultat \u00e0 la hauteur de vos attentes. Ensemble, cr\u00e9ons des espaces qui allient esth\u00e9tique, confort et durabilit\u00e9.<\/p>\n\n\n\n<div class=\"wp-block-buttons is-content-justification-center is-layout-flex wp-container-core-buttons-is-layout-81dffa3d wp-block-buttons-is-layout-flex\" style=\"margin-top:2rem;margin-bottom:2rem\">\n<div class=\"wp-block-button has-custom-font-size is-style-outline has-jost-font-family is-style-outline--5\" style=\"font-size:clamp(14px, 0.875rem + ((1vw - 3.2px) * 0.455), 18px);letter-spacing:1px;text-transform:uppercase\"><a class=\"wp-block-button__link has-text-color has-link-color has-border-color has-base-border-color wp-element-button\" href=\"https:\/\/bmb-renov.fr\/index.php\/realisations\/\" style=\"border-width:1px;border-radius:0px;color:#ffffff;padding-top:0.8rem;padding-right:2.2rem;padding-bottom:0.8rem;padding-left:2.2rem\">R\u00e9alisations<\/a><\/div>\n<\/div>\n<\/div>\n<\/section>\n","protected":false},"excerpt":{"rendered":"<p>Donnez de l&rsquo;importance \u00e0 chacune de vos d\u00e9cisions. L&rsquo;isolation. Structurer les espaces int\u00e9rieurs avec une bonne isolation est essentiel pour assurer confort et bien-\u00eatre au quotidien. Une isolation de qualit\u00e9 ne se limite pas \u00e0 r\u00e9guler la temp\u00e9rature; elle r\u00e9duit aussi les nuisances sonores, am\u00e9liore la qualit\u00e9 de l&rsquo;air et favorise une consommation \u00e9nerg\u00e9tique responsable. [&hellip;]<\/p>\n","protected":false},"author":1,"featured_media":0,"parent":0,"menu_order":0,"comment_status":"closed","ping_status":"closed","template":"","meta":{"footnotes":""},"class_list":["post-173","page","type-page","status-publish","hentry"],"yoast_head":"<!-- This site is optimized with the Yoast SEO plugin v27.3 - https:\/\/yoast.com\/product\/yoast-seo-wordpress\/ -->\n<title>Services - B.M.B R\u00e9nov<\/title>\n<meta name=\"robots\" content=\"index, follow, max-snippet:-1, max-image-preview:large, max-video-preview:-1\" \/>\n<link rel=\"canonical\" href=\"https:\/\/bmb-renov.fr\/index.php\/services\/\" \/>\n<meta property=\"og:locale\" content=\"fr_FR\" \/>\n<meta property=\"og:type\" content=\"article\" \/>\n<meta property=\"og:title\" content=\"Services - B.M.B R\u00e9nov\" \/>\n<meta property=\"og:description\" content=\"Donnez de l&rsquo;importance \u00e0 chacune de vos d\u00e9cisions. L&rsquo;isolation. Structurer les espaces int\u00e9rieurs avec une bonne isolation est essentiel pour assurer confort et bien-\u00eatre au quotidien. Une isolation de qualit\u00e9 ne se limite pas \u00e0 r\u00e9guler la temp\u00e9rature; elle r\u00e9duit aussi les nuisances sonores, am\u00e9liore la qualit\u00e9 de l&rsquo;air et favorise une consommation \u00e9nerg\u00e9tique responsable. [&hellip;]\" \/>\n<meta property=\"og:url\" content=\"https:\/\/bmb-renov.fr\/index.php\/services\/\" \/>\n<meta property=\"og:site_name\" content=\"B.M.B R\u00e9nov\" \/>\n<meta property=\"article:modified_time\" content=\"2024-09-26T13:03:14+00:00\" \/>\n<meta property=\"og:image\" content=\"https:\/\/bmb-renov.fr\/wp-content\/uploads\/2024\/09\/istockphoto-973173628-2048x2048-5.jpg\" \/>\n\t<meta property=\"og:image:width\" content=\"2048\" \/>\n\t<meta property=\"og:image:height\" content=\"836\" \/>\n\t<meta property=\"og:image:type\" content=\"image\/jpeg\" \/>\n<meta name=\"twitter:card\" content=\"summary_large_image\" \/>\n<meta name=\"twitter:label1\" content=\"Dur\u00e9e de lecture estim\u00e9e\" \/>\n\t<meta name=\"twitter:data1\" content=\"3 minutes\" \/>\n<script type=\"application\/ld+json\" class=\"yoast-schema-graph\">{\"@context\":\"https:\\\/\\\/schema.org\",\"@graph\":[{\"@type\":\"WebPage\",\"@id\":\"https:\\\/\\\/bmb-renov.fr\\\/index.php\\\/services\\\/\",\"url\":\"https:\\\/\\\/bmb-renov.fr\\\/index.php\\\/services\\\/\",\"name\":\"Services - B.M.B R\u00e9nov\",\"isPartOf\":{\"@id\":\"https:\\\/\\\/bmb-renov.fr\\\/#website\"},\"primaryImageOfPage\":{\"@id\":\"https:\\\/\\\/bmb-renov.fr\\\/index.php\\\/services\\\/#primaryimage\"},\"image\":{\"@id\":\"https:\\\/\\\/bmb-renov.fr\\\/index.php\\\/services\\\/#primaryimage\"},\"thumbnailUrl\":\"https:\\\/\\\/bmb-renov.fr\\\/wp-content\\\/uploads\\\/2024\\\/09\\\/istockphoto-973173628-2048x2048-5.jpg\",\"datePublished\":\"2024-09-19T09:10:20+00:00\",\"dateModified\":\"2024-09-26T13:03:14+00:00\",\"breadcrumb\":{\"@id\":\"https:\\\/\\\/bmb-renov.fr\\\/index.php\\\/services\\\/#breadcrumb\"},\"inLanguage\":\"fr-FR\",\"potentialAction\":[{\"@type\":\"ReadAction\",\"target\":[\"https:\\\/\\\/bmb-renov.fr\\\/index.php\\\/services\\\/\"]}]},{\"@type\":\"ImageObject\",\"inLanguage\":\"fr-FR\",\"@id\":\"https:\\\/\\\/bmb-renov.fr\\\/index.php\\\/services\\\/#primaryimage\",\"url\":\"https:\\\/\\\/bmb-renov.fr\\\/wp-content\\\/uploads\\\/2024\\\/09\\\/istockphoto-973173628-2048x2048-5.jpg\",\"contentUrl\":\"https:\\\/\\\/bmb-renov.fr\\\/wp-content\\\/uploads\\\/2024\\\/09\\\/istockphoto-973173628-2048x2048-5.jpg\",\"width\":2048,\"height\":836,\"caption\":\"Aligning the wall with grinding\"},{\"@type\":\"BreadcrumbList\",\"@id\":\"https:\\\/\\\/bmb-renov.fr\\\/index.php\\\/services\\\/#breadcrumb\",\"itemListElement\":[{\"@type\":\"ListItem\",\"position\":1,\"name\":\"Accueil\",\"item\":\"https:\\\/\\\/bmb-renov.fr\\\/\"},{\"@type\":\"ListItem\",\"position\":2,\"name\":\"Services\"}]},{\"@type\":\"WebSite\",\"@id\":\"https:\\\/\\\/bmb-renov.fr\\\/#website\",\"url\":\"https:\\\/\\\/bmb-renov.fr\\\/\",\"name\":\"B.M.B R\u00e9nov\",\"description\":\"\",\"publisher\":{\"@id\":\"https:\\\/\\\/bmb-renov.fr\\\/#organization\"},\"potentialAction\":[{\"@type\":\"SearchAction\",\"target\":{\"@type\":\"EntryPoint\",\"urlTemplate\":\"https:\\\/\\\/bmb-renov.fr\\\/?s={search_term_string}\"},\"query-input\":{\"@type\":\"PropertyValueSpecification\",\"valueRequired\":true,\"valueName\":\"search_term_string\"}}],\"inLanguage\":\"fr-FR\"},{\"@type\":\"Organization\",\"@id\":\"https:\\\/\\\/bmb-renov.fr\\\/#organization\",\"name\":\"B.M.B R\u00e9nov\",\"url\":\"https:\\\/\\\/bmb-renov.fr\\\/\",\"logo\":{\"@type\":\"ImageObject\",\"inLanguage\":\"fr-FR\",\"@id\":\"https:\\\/\\\/bmb-renov.fr\\\/#\\\/schema\\\/logo\\\/image\\\/\",\"url\":\"https:\\\/\\\/bmb-renov.fr\\\/wp-content\\\/uploads\\\/2024\\\/09\\\/cropped-LOGO-1.png\",\"contentUrl\":\"https:\\\/\\\/bmb-renov.fr\\\/wp-content\\\/uploads\\\/2024\\\/09\\\/cropped-LOGO-1.png\",\"width\":2000,\"height\":1350,\"caption\":\"B.M.B R\u00e9nov\"},\"image\":{\"@id\":\"https:\\\/\\\/bmb-renov.fr\\\/#\\\/schema\\\/logo\\\/image\\\/\"}}]}<\/script>\n<!-- \/ Yoast SEO plugin. -->","yoast_head_json":{"title":"Services - B.M.B R\u00e9nov","robots":{"index":"index","follow":"follow","max-snippet":"max-snippet:-1","max-image-preview":"max-image-preview:large","max-video-preview":"max-video-preview:-1"},"canonical":"https:\/\/bmb-renov.fr\/index.php\/services\/","og_locale":"fr_FR","og_type":"article","og_title":"Services - B.M.B R\u00e9nov","og_description":"Donnez de l&rsquo;importance \u00e0 chacune de vos d\u00e9cisions. L&rsquo;isolation. Structurer les espaces int\u00e9rieurs avec une bonne isolation est essentiel pour assurer confort et bien-\u00eatre au quotidien. Une isolation de qualit\u00e9 ne se limite pas \u00e0 r\u00e9guler la temp\u00e9rature; elle r\u00e9duit aussi les nuisances sonores, am\u00e9liore la qualit\u00e9 de l&rsquo;air et favorise une consommation \u00e9nerg\u00e9tique responsable. [&hellip;]","og_url":"https:\/\/bmb-renov.fr\/index.php\/services\/","og_site_name":"B.M.B R\u00e9nov","article_modified_time":"2024-09-26T13:03:14+00:00","og_image":[{"width":2048,"height":836,"url":"https:\/\/bmb-renov.fr\/wp-content\/uploads\/2024\/09\/istockphoto-973173628-2048x2048-5.jpg","type":"image\/jpeg"}],"twitter_card":"summary_large_image","twitter_misc":{"Dur\u00e9e de lecture estim\u00e9e":"3 minutes"},"schema":{"@context":"https:\/\/schema.org","@graph":[{"@type":"WebPage","@id":"https:\/\/bmb-renov.fr\/index.php\/services\/","url":"https:\/\/bmb-renov.fr\/index.php\/services\/","name":"Services - B.M.B R\u00e9nov","isPartOf":{"@id":"https:\/\/bmb-renov.fr\/#website"},"primaryImageOfPage":{"@id":"https:\/\/bmb-renov.fr\/index.php\/services\/#primaryimage"},"image":{"@id":"https:\/\/bmb-renov.fr\/index.php\/services\/#primaryimage"},"thumbnailUrl":"https:\/\/bmb-renov.fr\/wp-content\/uploads\/2024\/09\/istockphoto-973173628-2048x2048-5.jpg","datePublished":"2024-09-19T09:10:20+00:00","dateModified":"2024-09-26T13:03:14+00:00","breadcrumb":{"@id":"https:\/\/bmb-renov.fr\/index.php\/services\/#breadcrumb"},"inLanguage":"fr-FR","potentialAction":[{"@type":"ReadAction","target":["https:\/\/bmb-renov.fr\/index.php\/services\/"]}]},{"@type":"ImageObject","inLanguage":"fr-FR","@id":"https:\/\/bmb-renov.fr\/index.php\/services\/#primaryimage","url":"https:\/\/bmb-renov.fr\/wp-content\/uploads\/2024\/09\/istockphoto-973173628-2048x2048-5.jpg","contentUrl":"https:\/\/bmb-renov.fr\/wp-content\/uploads\/2024\/09\/istockphoto-973173628-2048x2048-5.jpg","width":2048,"height":836,"caption":"Aligning the wall with grinding"},{"@type":"BreadcrumbList","@id":"https:\/\/bmb-renov.fr\/index.php\/services\/#breadcrumb","itemListElement":[{"@type":"ListItem","position":1,"name":"Accueil","item":"https:\/\/bmb-renov.fr\/"},{"@type":"ListItem","position":2,"name":"Services"}]},{"@type":"WebSite","@id":"https:\/\/bmb-renov.fr\/#website","url":"https:\/\/bmb-renov.fr\/","name":"B.M.B R\u00e9nov","description":"","publisher":{"@id":"https:\/\/bmb-renov.fr\/#organization"},"potentialAction":[{"@type":"SearchAction","target":{"@type":"EntryPoint","urlTemplate":"https:\/\/bmb-renov.fr\/?s={search_term_string}"},"query-input":{"@type":"PropertyValueSpecification","valueRequired":true,"valueName":"search_term_string"}}],"inLanguage":"fr-FR"},{"@type":"Organization","@id":"https:\/\/bmb-renov.fr\/#organization","name":"B.M.B R\u00e9nov","url":"https:\/\/bmb-renov.fr\/","logo":{"@type":"ImageObject","inLanguage":"fr-FR","@id":"https:\/\/bmb-renov.fr\/#\/schema\/logo\/image\/","url":"https:\/\/bmb-renov.fr\/wp-content\/uploads\/2024\/09\/cropped-LOGO-1.png","contentUrl":"https:\/\/bmb-renov.fr\/wp-content\/uploads\/2024\/09\/cropped-LOGO-1.png","width":2000,"height":1350,"caption":"B.M.B R\u00e9nov"},"image":{"@id":"https:\/\/bmb-renov.fr\/#\/schema\/logo\/image\/"}}]}},"_links":{"self":[{"href":"https:\/\/bmb-renov.fr\/index.php\/wp-json\/wp\/v2\/pages\/173","targetHints":{"allow":["GET"]}}],"collection":[{"href":"https:\/\/bmb-renov.fr\/index.php\/wp-json\/wp\/v2\/pages"}],"about":[{"href":"https:\/\/bmb-renov.fr\/index.php\/wp-json\/wp\/v2\/types\/page"}],"author":[{"embeddable":true,"href":"https:\/\/bmb-renov.fr\/index.php\/wp-json\/wp\/v2\/users\/1"}],"replies":[{"embeddable":true,"href":"https:\/\/bmb-renov.fr\/index.php\/wp-json\/wp\/v2\/comments?post=173"}],"version-history":[{"count":5,"href":"https:\/\/bmb-renov.fr\/index.php\/wp-json\/wp\/v2\/pages\/173\/revisions"}],"predecessor-version":[{"id":310,"href":"https:\/\/bmb-renov.fr\/index.php\/wp-json\/wp\/v2\/pages\/173\/revisions\/310"}],"wp:attachment":[{"href":"https:\/\/bmb-renov.fr\/index.php\/wp-json\/wp\/v2\/media?parent=173"}],"curies":[{"name":"wp","href":"https:\/\/api.w.org\/{rel}","templated":true}]}}